{"id":136,"date":"2025-05-15T21:30:11","date_gmt":"2025-05-15T19:30:11","guid":{"rendered":"https:\/\/www.baumann-peru.de\/?page_id=136"},"modified":"2025-07-21T20:34:10","modified_gmt":"2025-07-21T18:34:10","slug":"termine","status":"publish","type":"page","link":"https:\/\/www.baumann-peru.de\/?page_id=136","title":{"rendered":"Termine"},"content":{"rendered":"\n<figure class=\"wp-block-image size-large\"><img loading=\"lazy\" decoding=\"async\" width=\"1024\" height=\"683\" src=\"https:\/\/www.baumann-peru.de\/wp-content\/uploads\/2025\/05\/Einladung-1024x683.jpg\" alt=\"\" class=\"wp-image-138\" srcset=\"https:\/\/www.baumann-peru.de\/wp-content\/uploads\/2025\/05\/Einladung-1024x683.jpg 1024w, https:\/\/www.baumann-peru.de\/wp-content\/uploads\/2025\/05\/Einladung-300x200.jpg 300w, https:\/\/www.baumann-peru.de\/wp-content\/uploads\/2025\/05\/Einladung-768x512.jpg 768w, https:\/\/www.baumann-peru.de\/wp-content\/uploads\/2025\/05\/Einladung-1200x800.jpg 1200w, https:\/\/www.baumann-peru.de\/wp-content\/uploads\/2025\/05\/Einladung.jpg 1351w\" sizes=\"auto, (max-width: 1024px) 100vw, 1024px\" \/><\/figure>\n\n\n\n<p>Im Rahmen unserer Vorbereitung werden wir einige Vortr\u00e4ge machen, um \u00fcber unseren Einsatz und Diospi Suyana zu informieren.<\/p>\n\n\n\n<p>Hier sind die n\u00e4chsten Termine:<\/p>\n\n\n\n<figure class=\"wp-block-table is-style-stripes\" style=\"font-size:18px\"><table><thead><tr><th>Datum&nbsp;&nbsp;&nbsp;&nbsp;&nbsp;<\/th><th>Uhrzeit&nbsp;&nbsp;&nbsp;&nbsp;&nbsp;<\/th><th>Ort<\/th><\/tr><\/thead><tbody><tr><td>23.07.25<\/td><td>17:00 Uhr<\/td><td>Vortrag im Diakoniehaus Gochsheim, Raiffeisenstr. 6<\/td><\/tr><tr><td>26.07.25<\/td><td>10:00 Uhr<\/td><td>Gochsheimer Stationenlauf &#8222;Secret Mission&#8220; f\u00fcr Kinder bis 13 Jahre<\/td><\/tr><tr><td>01.08.25<\/td><td><\/td><td>Vortrag im Rahmen des Sommerfestes des CVJM Leutershausen<\/td><\/tr><tr><td>24.08.25<\/td><td>11:00 Uhr<\/td><td>Aussendungsgottesdienst in der Kirche St. Michael Gochsheim<\/td><\/tr><tr><td>01.09.25<\/td><td><\/td><td>Abflug nach Peru<\/td><\/tr><\/tbody><\/table><\/figure>\n","protected":false},"excerpt":{"rendered":"<p>Im Rahmen unserer Vorbereitung werden wir einige Vortr\u00e4ge machen, um \u00fcber unseren Einsatz und Diospi Suyana zu informieren. Hier sind die n\u00e4chsten Termine: Datum&nbsp;&nbsp;&nbsp;&nbsp;&nbsp; Uhrzeit&nbsp;&nbsp;&nbsp;&nbsp;&nbsp; Ort 23.07.25 17:00 Uhr Vortrag im Diakoniehaus Gochsheim, Raiffeisenstr. 6 26.07.25 10:00 Uhr Gochsheimer Stationenlauf &#8222;Secret Mission&#8220; f\u00fcr Kinder bis 13 Jahre 01.08.25 Vortrag im Rahmen des Sommerfestes des CVJM [&hellip;]<\/p>\n","protected":false},"author":2,"featured_media":0,"parent":0,"menu_order":0,"comment_status":"closed","ping_status":"closed","template":"","meta":{"footnotes":""},"class_list":["post-136","page","type-page","status-publish","hentry"],"_links":{"self":[{"href":"https:\/\/www.baumann-peru.de\/index.php?rest_route=\/wp\/v2\/pages\/136","targetHints":{"allow":["GET"]}}],"collection":[{"href":"https:\/\/www.baumann-peru.de\/index.php?rest_route=\/wp\/v2\/pages"}],"about":[{"href":"https:\/\/www.baumann-peru.de\/index.php?rest_route=\/wp\/v2\/types\/page"}],"author":[{"embeddable":true,"href":"https:\/\/www.baumann-peru.de\/index.php?rest_route=\/wp\/v2\/users\/2"}],"replies":[{"embeddable":true,"href":"https:\/\/www.baumann-peru.de\/index.php?rest_route=%2Fwp%2Fv2%2Fcomments&post=136"}],"version-history":[{"count":13,"href":"https:\/\/www.baumann-peru.de\/index.php?rest_route=\/wp\/v2\/pages\/136\/revisions"}],"predecessor-version":[{"id":181,"href":"https:\/\/www.baumann-peru.de\/index.php?rest_route=\/wp\/v2\/pages\/136\/revisions\/181"}],"wp:attachment":[{"href":"https:\/\/www.baumann-peru.de\/index.php?rest_route=%2Fwp%2Fv2%2Fmedia&parent=136"}],"curies":[{"name":"wp","href":"https:\/\/api.w.org\/{rel}","templated":true}]}}