{"id":15,"date":"2025-01-31T20:23:57","date_gmt":"2025-01-31T19:23:57","guid":{"rendered":"https:\/\/www.baumann-peru.de\/?page_id=15"},"modified":"2025-02-09T10:40:24","modified_gmt":"2025-02-09T09:40:24","slug":"diospi-suyana","status":"publish","type":"page","link":"https:\/\/www.baumann-peru.de\/?page_id=15","title":{"rendered":"Diospi Suyana"},"content":{"rendered":"\n<div class=\"wp-block-group is-nowrap is-layout-flex wp-container-core-group-is-layout-ad2f72ca wp-block-group-is-layout-flex\">\n<figure class=\"wp-block-image size-large\"><img loading=\"lazy\" decoding=\"async\" width=\"1024\" height=\"852\" src=\"https:\/\/www.baumann-peru.de\/wp-content\/uploads\/2025\/02\/Logo_DS_4C_Pfade_Schattenmarke-1024x852.png\" alt=\"\" class=\"wp-image-38\" srcset=\"https:\/\/www.baumann-peru.de\/wp-content\/uploads\/2025\/02\/Logo_DS_4C_Pfade_Schattenmarke-1024x852.png 1024w, https:\/\/www.baumann-peru.de\/wp-content\/uploads\/2025\/02\/Logo_DS_4C_Pfade_Schattenmarke-300x249.png 300w, https:\/\/www.baumann-peru.de\/wp-content\/uploads\/2025\/02\/Logo_DS_4C_Pfade_Schattenmarke-768x639.png 768w, https:\/\/www.baumann-peru.de\/wp-content\/uploads\/2025\/02\/Logo_DS_4C_Pfade_Schattenmarke-1200x998.png 1200w, https:\/\/www.baumann-peru.de\/wp-content\/uploads\/2025\/02\/Logo_DS_4C_Pfade_Schattenmarke.png 1378w\" sizes=\"auto, (max-width: 1024px) 100vw, 1024px\" \/><\/figure>\n\n\n\n<p>Unsere Partnerorganisation ist Diospi Suyana, ein Krankenhaus mitten in den Anden, gegr\u00fcndet von einem deutschen \u00c4rztepaar, Klaus-Dieter und Martina John. Seit der Er\u00f6ffnung im Jahr 2007 bietet es medizinische Versorgung nach westlichem Standard f\u00fcr die indigenen Quechuas, die sonst kaum eine Chance auf \u00fcberhaupt eine medizinische Versorgung haben.<\/p>\n<\/div>\n\n\n\n<p>2014 wurde eine Schule, das Colegio Diospi Suyana, er\u00f6ffnet. Diese erm\u00f6glicht den Quechuas Zugang zu einer guten Bildung, wodurch auch die \u00c4rmsten eine Zukunftsperspektive erhalten.<\/p>\n\n\n\n<p>Seit 2016 geh\u00f6rt auch ein Medienzentrum dazu, von wo aus \u00fcber Radio und Fernsehen die Botschaft von Jesus Christus verbreitet wird.<\/p>\n\n\n\n<p>Wer mehr dar\u00fcber erfahren m\u00f6chte, kann sich \u00fcber die Website <a href=\"http:\/\/www.diospi-suyana.de\">www.diospi-suyana.de<\/a> informieren. Au\u00dferdem k\u00f6nnen wir auch die B\u00fccher von Klaus John sehr empfehlen.<\/p>\n","protected":false},"excerpt":{"rendered":"<p>Unsere Partnerorganisation ist Diospi Suyana, ein Krankenhaus mitten in den Anden, gegr\u00fcndet von einem deutschen \u00c4rztepaar, Klaus-Dieter und Martina John. Seit der Er\u00f6ffnung im Jahr 2007 bietet es medizinische Versorgung nach westlichem Standard f\u00fcr die indigenen Quechuas, die sonst kaum eine Chance auf \u00fcberhaupt eine medizinische Versorgung haben. 2014 wurde eine Schule, das Colegio Diospi [&hellip;]<\/p>\n","protected":false},"author":2,"featured_media":0,"parent":0,"menu_order":0,"comment_status":"closed","ping_status":"closed","template":"","meta":{"footnotes":""},"class_list":["post-15","page","type-page","status-publish","hentry"],"_links":{"self":[{"href":"https:\/\/www.baumann-peru.de\/index.php?rest_route=\/wp\/v2\/pages\/15","targetHints":{"allow":["GET"]}}],"collection":[{"href":"https:\/\/www.baumann-peru.de\/index.php?rest_route=\/wp\/v2\/pages"}],"about":[{"href":"https:\/\/www.baumann-peru.de\/index.php?rest_route=\/wp\/v2\/types\/page"}],"author":[{"embeddable":true,"href":"https:\/\/www.baumann-peru.de\/index.php?rest_route=\/wp\/v2\/users\/2"}],"replies":[{"embeddable":true,"href":"https:\/\/www.baumann-peru.de\/index.php?rest_route=%2Fwp%2Fv2%2Fcomments&post=15"}],"version-history":[{"count":3,"href":"https:\/\/www.baumann-peru.de\/index.php?rest_route=\/wp\/v2\/pages\/15\/revisions"}],"predecessor-version":[{"id":39,"href":"https:\/\/www.baumann-peru.de\/index.php?rest_route=\/wp\/v2\/pages\/15\/revisions\/39"}],"wp:attachment":[{"href":"https:\/\/www.baumann-peru.de\/index.php?rest_route=%2Fwp%2Fv2%2Fmedia&parent=15"}],"curies":[{"name":"wp","href":"https:\/\/api.w.org\/{rel}","templated":true}]}}