{"id":27,"date":"2025-02-08T20:55:48","date_gmt":"2025-02-08T19:55:48","guid":{"rendered":"https:\/\/www.baumann-peru.de\/?page_id=27"},"modified":"2025-02-20T19:43:51","modified_gmt":"2025-02-20T18:43:51","slug":"unser-projekt","status":"publish","type":"page","link":"https:\/\/www.baumann-peru.de\/?page_id=27","title":{"rendered":"Unser Projekt"},"content":{"rendered":"\n<p>Unser Flyer zum <a href=\"https:\/\/www.baumann-peru.de\/wp-content\/uploads\/2025\/02\/JSB_Peru.pdf\">Download<\/a> | <a href=\"https:\/\/www.baumann-peru.de\/wp-content\/uploads\/2025\/02\/JSB-Peru-en.pdf\">English version<\/a><\/p>\n\n\n\n<h2 class=\"wp-block-heading\">Wer sind wir und was haben wir vor?<\/h2>\n\n\n\n<div class=\"wp-block-media-text is-stacked-on-mobile\" style=\"grid-template-columns:44% auto\"><figure class=\"wp-block-media-text__media\"><img loading=\"lazy\" decoding=\"async\" width=\"768\" height=\"1024\" src=\"https:\/\/www.baumann-peru.de\/wp-content\/uploads\/2025\/02\/IMG_2107-768x1024.jpeg\" alt=\"\" class=\"wp-image-40 size-full\" srcset=\"https:\/\/www.baumann-peru.de\/wp-content\/uploads\/2025\/02\/IMG_2107-768x1024.jpeg 768w, https:\/\/www.baumann-peru.de\/wp-content\/uploads\/2025\/02\/IMG_2107-225x300.jpeg 225w, https:\/\/www.baumann-peru.de\/wp-content\/uploads\/2025\/02\/IMG_2107-1152x1536.jpeg 1152w, https:\/\/www.baumann-peru.de\/wp-content\/uploads\/2025\/02\/IMG_2107-1536x2048.jpeg 1536w, https:\/\/www.baumann-peru.de\/wp-content\/uploads\/2025\/02\/IMG_2107-1200x1600.jpeg 1200w, https:\/\/www.baumann-peru.de\/wp-content\/uploads\/2025\/02\/IMG_2107-1980x2640.jpeg 1980w, https:\/\/www.baumann-peru.de\/wp-content\/uploads\/2025\/02\/IMG_2107-scaled.jpeg 1920w\" sizes=\"auto, (max-width: 768px) 100vw, 768px\" \/><\/figure><div class=\"wp-block-media-text__content\">\n<p>Wir sind Janina und Sven Baumann und wohnen mit unserer Tochter Ronja (3 Jahre) in Grettstadt bei Schweinfurt. Dort sind wir in der Ev. Kirche St. Michael in Gochsheim in Jugend- und Kinderarbeit sowie im Kirchenvorstand engagiert. Im August 2025 werden wir f\u00fcr 3 Jahre zu einem Missionseinsatz bei Diospi Suyana nach Peru aufbrechen.<\/p>\n<\/div><\/div>\n\n\n\n<h2 class=\"wp-block-heading\">Warum machen wir das?<\/h2>\n\n\n\n<p>Vielleicht klingt das f\u00fcr manchen ein wenig verr\u00fcckt, aber wir f\u00fchlen uns von Gott berufen, in seinem Auftrag diesen Dienst zu tun. Im Sommer 2023 betete Sven daf\u00fcr, dass Gott ihm zeigen m\u00f6ge, was er mit uns vorhat und wie wir uns f\u00fcr ihn einsetzen k\u00f6nnen. Damals dachten wir eher an eine berufliche Neuorientierung, aber irgendwo in der N\u00e4he\u2026.<\/p>\n\n\n\n<p>Durch ein Buch erfuhren wir \u00fcber Diospi Suyana, und was dann alles passierte, lie\u00df uns zu der \u00dcberzeugung kommen, dass es das ist, was Gott mit uns vorhat.<\/p>\n\n\n\n<h2 class=\"wp-block-heading\">Was ist eigentlich Diospi Suyana?<\/h2>\n\n\n\n<p>Diospi Suyana ist ein Krankenhaus mitten in den Anden, gegr\u00fcndet von einem deutschen \u00c4rztepaar, Klaus-Dieter und Martina John. Seit der Er\u00f6ffnung im Jahr 2007 bietet es medizinische Versorgung nach westlichem Standard f\u00fcr die indigenen Quechuas, die sonst kaum eine Chance auf \u00fcberhaupt eine medizinische Versorgung haben.<\/p>\n\n\n\n<p>2014 wurde eine Schule, das Colegio Diospi Suyana, er\u00f6ffnet. Diese erm\u00f6glicht den Quechuas Zugang zu einer guten Bildung, wodurch auch die \u00c4rmsten eine Zukunftsperspektive erhalten.<\/p>\n\n\n\n<p>Seit 2016 geh\u00f6rt auch ein Medienzentrum dazu, von wo aus \u00fcber Radio und Fernsehen die Botschaft von Jesus Christus verbreitet wird.<\/p>\n\n\n\n<h2 class=\"wp-block-heading\">Was machen wir dort?<\/h2>\n\n\n\n<p>Janina wird in der Schule als Heilp\u00e4dagogin arbeiten und Sven wird in der Technikabteilung an verschiedenen Projekten zur Erweiterung bzw. Wartung und Instandhaltung mitarbeiten.<\/p>\n\n\n\n<h2 class=\"wp-block-heading\">Wo ist denn das?<\/h2>\n\n\n\n<p>Curahuasi liegt ca. 3 Autostunden von Cusco entfernt mitten in den Anden. Die Kleinstadt liegt auf 2600 m H\u00f6he und geh\u00f6rt zur Provinz Abancay in der Region Apurimac im S\u00fcden Perus.<\/p>\n\n\n\n<p><a href=\"https:\/\/maps.app.goo.gl\/G5j3ujgMUofFWw3x5\">Google Maps<\/a><\/p>\n\n\n\n<h2 class=\"wp-block-heading\">Wie funktioniert das alles?<\/h2>\n\n\n\n<p>Wir haben uns bereits einer Missionsgesellschaft angeschlossen, der Vereinigten Deutschen Missionshilfe (VDM). Diese wird unser Arbeitgeber in Deutschlands sein und uns nach Peru entsenden. Da der gesamte Einsatz auf ehrenamtlicher Basis l\u00e4uft, m\u00fcssen wir also f\u00fcr unseren Lebensunterhalt selbst sorgen. Das hei\u00dft wir (und auch die anderen Missionare) sind auf Spenden angewiesen, um den Einsatz zu finanzieren.<\/p>\n\n\n\n<h2 class=\"wp-block-heading\">Du willst uns unterst\u00fctzen?<\/h2>\n\n\n\n<p><strong>Beten:<\/strong> Es liegen viele Herausforderungen vor uns, schon jetzt in der Planungs- und Vorbereitungszeit. Weil wir es erlebt haben und wissen, was das Gebet bewirkt, darum freuen wir uns \u00fcber jeden der in der F\u00fcrbitte an uns denkt. <\/p>\n\n\n\n<p><strong>Spenden:<\/strong> Wie oben geschrieben, m\u00fcssen wir uns selbst \u00fcber Spenden finanzieren und sind somit dankbar f\u00fcr jede Spende die an unser Konto bei der VDM geht.<\/p>\n\n\n\n<p><strong>Weitersagen<\/strong> \u2013 damit auch andere uns unterst\u00fctzen k\u00f6nnen.<\/p>\n\n\n\n<p>Wir freuen uns, wenn ihr an unserem Anliegen teilhaben m\u00f6chtet. Dazu meldet euch bitte unter <a href=\"https:\/\/www.vdm.org\/in-verbindung-bleiben\/AC630000\">diesem Link<\/a> bei der VDM an. Aus Gr\u00fcnden des Datenschutzes d\u00fcrfen wir euch nur dann unseren Newsletter schicken. Zu sehen, dass ihr euch daf\u00fcr interessiert, gibt uns Mut und Kraft f\u00fcr die Herausforderungen, die uns bevorstehen.<\/p>\n","protected":false},"excerpt":{"rendered":"<p>Unser Flyer zum Download | English version Wer sind wir und was haben wir vor? Wir sind Janina und Sven Baumann und wohnen mit unserer Tochter Ronja (3 Jahre) in Grettstadt bei Schweinfurt. Dort sind wir in der Ev. Kirche St. Michael in Gochsheim in Jugend- und Kinderarbeit sowie im Kirchenvorstand engagiert. Im August 2025 [&hellip;]<\/p>\n","protected":false},"author":2,"featured_media":0,"parent":0,"menu_order":0,"comment_status":"closed","ping_status":"closed","template":"","meta":{"footnotes":""},"class_list":["post-27","page","type-page","status-publish","hentry"],"_links":{"self":[{"href":"https:\/\/www.baumann-peru.de\/index.php?rest_route=\/wp\/v2\/pages\/27","targetHints":{"allow":["GET"]}}],"collection":[{"href":"https:\/\/www.baumann-peru.de\/index.php?rest_route=\/wp\/v2\/pages"}],"about":[{"href":"https:\/\/www.baumann-peru.de\/index.php?rest_route=\/wp\/v2\/types\/page"}],"author":[{"embeddable":true,"href":"https:\/\/www.baumann-peru.de\/index.php?rest_route=\/wp\/v2\/users\/2"}],"replies":[{"embeddable":true,"href":"https:\/\/www.baumann-peru.de\/index.php?rest_route=%2Fwp%2Fv2%2Fcomments&post=27"}],"version-history":[{"count":7,"href":"https:\/\/www.baumann-peru.de\/index.php?rest_route=\/wp\/v2\/pages\/27\/revisions"}],"predecessor-version":[{"id":72,"href":"https:\/\/www.baumann-peru.de\/index.php?rest_route=\/wp\/v2\/pages\/27\/revisions\/72"}],"wp:attachment":[{"href":"https:\/\/www.baumann-peru.de\/index.php?rest_route=%2Fwp%2Fv2%2Fmedia&parent=27"}],"curies":[{"name":"wp","href":"https:\/\/api.w.org\/{rel}","templated":true}]}}