{"id":42,"date":"2025-02-09T11:01:50","date_gmt":"2025-02-09T10:01:50","guid":{"rendered":"https:\/\/www.baumann-peru.de\/?page_id=42"},"modified":"2025-04-13T12:54:03","modified_gmt":"2025-04-13T10:54:03","slug":"mithelfen-dabei-sein","status":"publish","type":"page","link":"https:\/\/www.baumann-peru.de\/?page_id=42","title":{"rendered":"Mithelfen &#8211; dabei sein"},"content":{"rendered":"\n<p>Mission braucht Menschen, die sich senden lassen. Aber nicht jeder von uns kann gehen. Aber jeder kann auf verschiedene Weise an unserem Auftrag teilhaben.<\/p>\n\n\n\n<p>Das kann durch Ermutigung im Gespr\u00e4ch, durch Gebet, durch Spenden oder auch ganz praktische Hilfe geschehen.<\/p>\n\n\n\n<p>F\u00fcr uns ist es eine unglaubliche Ermutigung und es hilft uns in schwierigen Zeiten, wenn wir wissen d\u00fcrfen, dass sich Menschen f\u00fcr das interessieren, was wir tun.<\/p>\n\n\n\n<p>Darum meldet euch gerne an \u00fcber die Seite <a href=\"https:\/\/www.vdm.org\/in-verbindung-bleiben\/AC630000\">&#8222;In Verbindung bleiben&#8220;<\/a> bei unserer Missionsgesellschaft VDM. Dort k\u00f6nnt ihr auch f\u00fcr unser Projekt spenden. Nat\u00fcrlich bekommt ihr auch eine Spendenbescheinigung.<\/p>\n\n\n\n<p>Die Bankverbindung lautet wie folgt:<\/p>\n\n\n\n<div class=\"wp-block-group is-vertical is-layout-flex wp-container-core-group-is-layout-8cf370e7 wp-block-group-is-layout-flex\" style=\"letter-spacing:em\">\n<p style=\"font-style:normal;font-weight:700;text-decoration:none\">Inhaber: Vereinigte Deutsche Missionshilfe e.V.<\/p>\n\n\n\n<p style=\"font-style:normal;font-weight:700;text-decoration:none\">Bank: KD-Bank Duisburg<\/p>\n\n\n\n<p style=\"font-style:normal;font-weight:700;text-decoration:none\">IBAN: DE53 3506 0190 1011 8300 10<\/p>\n\n\n\n<p style=\"font-style:normal;font-weight:700;text-decoration:none\">Vermerk: Baumann AC 630000<\/p>\n<\/div>\n\n\n\n<p>Wir durften schon selbst erleben, wie Gott Geber und Gaben segnet und k\u00f6nnen best\u00e4tigen wie wahr das ist, was Paulus im 2. Korintherbrief 8 schreibt:<\/p>\n\n\n\n<figure class=\"wp-block-pullquote has-small-font-size\"><blockquote><p>12&nbsp;Gott kommt es dabei nicht auf die H\u00f6he der Gabe an, sondern auf unsere Bereitwilligkeit. Er freut sich \u00fcber das, was jeder geben kann, und verlangt nichts von uns, was wir nicht haben.\u200213&nbsp;Ihr sollt nicht selbst in Not geraten, weil ihr anderen aus der Not helft. Es geht nur um einen gewissen Ausgleich.\u200214&nbsp;Heute habt ihr so viel, dass ihr ihnen helfen k\u00f6nnt. Ein andermal werden sie euch von ihrem \u00dcberfluss abgeben, wenn es n\u00f6tig ist. Das meine ich mit Ausgleich.\u200215&nbsp;Erinnert euch daran, was die Heilige Schrift dazu sagt: \u00bbWer viel eingesammelt hatte, der hatte nicht zu viel; und wer nur wenig aufgelesen hatte, dem fehlte nichts.\u00ab\u2002<\/p><cite>2. Korinther 8,12-15 (HFA)<\/cite><\/blockquote><\/figure>\n\n\n\n<p><\/p>\n\n\n\n<p>Auch \u00fcber ganz praktische Hilfe sind wir sehr dankbar. Zum Beispiel wenn sich jemand mal einen Nachmittag um unsere Tochter k\u00fcmmert, damit wir diverse Erledigungen f\u00fcr unsere Vorbereitung abarbeiten k\u00f6nnen. Oder wenn jemand Interessenten kennt, die unser Haus mieten m\u00f6chten. Oder, oder, oder&#8230;. Sprecht uns einfach an, wenn ihr helfen wollt.<\/p>\n","protected":false},"excerpt":{"rendered":"<p>Mission braucht Menschen, die sich senden lassen. Aber nicht jeder von uns kann gehen. Aber jeder kann auf verschiedene Weise an unserem Auftrag teilhaben. Das kann durch Ermutigung im Gespr\u00e4ch, durch Gebet, durch Spenden oder auch ganz praktische Hilfe geschehen. F\u00fcr uns ist es eine unglaubliche Ermutigung und es hilft uns in schwierigen Zeiten, wenn [&hellip;]<\/p>\n","protected":false},"author":2,"featured_media":0,"parent":0,"menu_order":0,"comment_status":"closed","ping_status":"closed","template":"","meta":{"footnotes":""},"class_list":["post-42","page","type-page","status-publish","hentry"],"_links":{"self":[{"href":"https:\/\/www.baumann-peru.de\/index.php?rest_route=\/wp\/v2\/pages\/42","targetHints":{"allow":["GET"]}}],"collection":[{"href":"https:\/\/www.baumann-peru.de\/index.php?rest_route=\/wp\/v2\/pages"}],"about":[{"href":"https:\/\/www.baumann-peru.de\/index.php?rest_route=\/wp\/v2\/types\/page"}],"author":[{"embeddable":true,"href":"https:\/\/www.baumann-peru.de\/index.php?rest_route=\/wp\/v2\/users\/2"}],"replies":[{"embeddable":true,"href":"https:\/\/www.baumann-peru.de\/index.php?rest_route=%2Fwp%2Fv2%2Fcomments&post=42"}],"version-history":[{"count":8,"href":"https:\/\/www.baumann-peru.de\/index.php?rest_route=\/wp\/v2\/pages\/42\/revisions"}],"predecessor-version":[{"id":115,"href":"https:\/\/www.baumann-peru.de\/index.php?rest_route=\/wp\/v2\/pages\/42\/revisions\/115"}],"wp:attachment":[{"href":"https:\/\/www.baumann-peru.de\/index.php?rest_route=%2Fwp%2Fv2%2Fmedia&parent=42"}],"curies":[{"name":"wp","href":"https:\/\/api.w.org\/{rel}","templated":true}]}}