{"id":80,"date":"2025-03-09T19:32:30","date_gmt":"2025-03-09T18:32:30","guid":{"rendered":"https:\/\/www.baumann-peru.de\/?page_id=80"},"modified":"2025-03-09T19:32:30","modified_gmt":"2025-03-09T18:32:30","slug":"vdm","status":"publish","type":"page","link":"https:\/\/www.baumann-peru.de\/?page_id=80","title":{"rendered":"VDM"},"content":{"rendered":"\n<figure class=\"wp-block-image\"><img loading=\"lazy\" decoding=\"async\" width=\"459\" height=\"70\" src=\"https:\/\/www.baumann-peru.de\/wp-content\/uploads\/2025\/03\/vdm_logo_4c_rgb_DIGITAL.png\" alt=\"\" class=\"wp-image-84\" srcset=\"https:\/\/www.baumann-peru.de\/wp-content\/uploads\/2025\/03\/vdm_logo_4c_rgb_DIGITAL.png 459w, https:\/\/www.baumann-peru.de\/wp-content\/uploads\/2025\/03\/vdm_logo_4c_rgb_DIGITAL-300x46.png 300w\" sizes=\"auto, (max-width: 459px) 100vw, 459px\" \/><\/figure>\n\n\n\n<p>Die <a href=\"https:\/\/www.vdm.org\">Vereinigte Deutsche Missionshilfe e.V.<\/a> versteht sich als Wegbereiter f\u00fcr Mission und \u00fcbernimmt f\u00fcr uns den Gro\u00dfteil der administrativen Aufgaben, damit Missionare sich auf ihre eigentliche Aufgabe konzentrieren k\u00f6nnen. Dies beinhaltet beispielsweise, dass die VDM unser Arbeitgeber sein wird und somit sich f\u00fcr um alle Aspekte der Absicherung (Sozialversicherung, Rente, etc.) k\u00fcmmert, unsere Finanzen und Spenden verwaltet, uns bei Aufbau und Kommunikation mit unserem Unterst\u00fctzerkreis hilft und uns auf vielf\u00e4ltige Weise bei der Vorbereitung unseres Einsatzes supported. Als eingetragener gemeinn\u00fctziger Verein ist die VDM berechtigt, Spendenbescheinigungen auszustellen f\u00fcr eure <a href=\"https:\/\/www.vdm.org\/in-verbindung-bleiben\/AC630000\">Spenden<\/a>, die \u00fcbrigens vollst\u00e4ndig uns zugutekommen.<\/p>\n\n\n\n<p><\/p>\n","protected":false},"excerpt":{"rendered":"<p>Die Vereinigte Deutsche Missionshilfe e.V. versteht sich als Wegbereiter f\u00fcr Mission und \u00fcbernimmt f\u00fcr uns den Gro\u00dfteil der administrativen Aufgaben, damit Missionare sich auf ihre eigentliche Aufgabe konzentrieren k\u00f6nnen. Dies beinhaltet beispielsweise, dass die VDM unser Arbeitgeber sein wird und somit sich f\u00fcr um alle Aspekte der Absicherung (Sozialversicherung, Rente, etc.) k\u00fcmmert, unsere Finanzen und [&hellip;]<\/p>\n","protected":false},"author":2,"featured_media":0,"parent":0,"menu_order":0,"comment_status":"closed","ping_status":"closed","template":"","meta":{"footnotes":""},"class_list":["post-80","page","type-page","status-publish","hentry"],"_links":{"self":[{"href":"https:\/\/www.baumann-peru.de\/index.php?rest_route=\/wp\/v2\/pages\/80","targetHints":{"allow":["GET"]}}],"collection":[{"href":"https:\/\/www.baumann-peru.de\/index.php?rest_route=\/wp\/v2\/pages"}],"about":[{"href":"https:\/\/www.baumann-peru.de\/index.php?rest_route=\/wp\/v2\/types\/page"}],"author":[{"embeddable":true,"href":"https:\/\/www.baumann-peru.de\/index.php?rest_route=\/wp\/v2\/users\/2"}],"replies":[{"embeddable":true,"href":"https:\/\/www.baumann-peru.de\/index.php?rest_route=%2Fwp%2Fv2%2Fcomments&post=80"}],"version-history":[{"count":2,"href":"https:\/\/www.baumann-peru.de\/index.php?rest_route=\/wp\/v2\/pages\/80\/revisions"}],"predecessor-version":[{"id":85,"href":"https:\/\/www.baumann-peru.de\/index.php?rest_route=\/wp\/v2\/pages\/80\/revisions\/85"}],"wp:attachment":[{"href":"https:\/\/www.baumann-peru.de\/index.php?rest_route=%2Fwp%2Fv2%2Fmedia&parent=80"}],"curies":[{"name":"wp","href":"https:\/\/api.w.org\/{rel}","templated":true}]}}